{"id":3748,"date":"2025-10-07T10:00:02","date_gmt":"2025-10-07T08:00:02","guid":{"rendered":"https:\/\/wppruebas.i3a.es\/?page_id=3748"},"modified":"2026-02-04T14:19:39","modified_gmt":"2026-02-04T12:19:39","slug":"chapters","status":"publish","type":"page","link":"https:\/\/guia.i3a.es\/es\/chapters\/","title":{"rendered":"Cap\u00edtulos"},"content":{"rendered":"<div id=\"pl-gb3748-6a0076d309095\"  class=\"panel-layout\" ><div id=\"pg-gb3748-6a0076d309095-0\"  class=\"panel-grid panel-has-style\" ><div class=\"siteorigin-panels-stretch panel-row-style panel-row-style-for-gb3748-6a0076d309095-0\" data-stretch-type=\"full-width-stretch\" ><div id=\"pgc-gb3748-6a0076d309095-0-0\"  class=\"panel-grid-cell\" ><div id=\"panel-gb3748-6a0076d309095-0-0-0\" class=\"so-panel widget widget_sow-hero panel-first-child panel-last-child\" data-index=\"0\" ><div\n\t\t\t\n\t\t\tclass=\"so-widget-sow-hero so-widget-sow-hero-default-7a011a7c0fd5-3748 so-widget-fittext-wrapper\"\n\t\t\t data-fit-text-compressor=\"0.85\"\n\t\t>\t\t\t\t<div class=\"sow-slider-base\" style=\"display: none\" tabindex=\"0\">\n\t\t\t\t\t<ul\n\t\t\t\t\tclass=\"sow-slider-images\"\n\t\t\t\t\tdata-settings=\"{&quot;pagination&quot;:true,&quot;speed&quot;:400,&quot;timeout&quot;:8000,&quot;paused&quot;:false,&quot;pause_on_hover&quot;:false,&quot;swipe&quot;:true,&quot;nav_always_show_desktop&quot;:&quot;&quot;,&quot;nav_always_show_mobile&quot;:&quot;&quot;,&quot;breakpoint&quot;:&quot;780px&quot;,&quot;unmute&quot;:false,&quot;anchor&quot;:null}\"\n\t\t\t\t\t\t\t\t\t\tdata-anchor-id=\"\"\n\t\t\t\t>\t\t<li class=\"sow-slider-image  sow-slider-image-cover\" style=\"visibility: visible;;background-color: #1e73be;background-image: url(https:\/\/guia.i3a.es\/wp-content\/uploads\/2020\/08\/books_2-1.jpg)\" >\n\t\t\t\t\t<div class=\"sow-slider-image-container\">\n\t\t\t<div class=\"sow-slider-image-wrapper\">\n\t\t\t\t<h1 style=\"text-align: center\"><strong>Cap\u00edtulos<\/strong><\/h1>\t\t\t<\/div>\n\t\t<\/div>\n\t\t\t\t<\/li>\n\t\t<\/ul>\t\t\t\t<ol class=\"sow-slider-pagination\">\n\t\t\t\t\t\t\t\t\t\t\t<li><a href=\"#\" data-goto=\"0\" aria-label=\"mostrar diapositiva 1\"><\/a><\/li>\n\t\t\t\t\t\t\t\t\t<\/ol>\n\n\t\t\t\t<div class=\"sow-slide-nav sow-slide-nav-next\">\n\t\t\t\t\t<a href=\"#\" data-goto=\"next\" aria-label=\"diapositiva siguiente\" data-action=\"next\">\n\t\t\t\t\t\t<em class=\"sow-sld-icon-thin-right\"><\/em>\n\t\t\t\t\t<\/a>\n\t\t\t\t<\/div>\n\n\t\t\t\t<div class=\"sow-slide-nav sow-slide-nav-prev\">\n\t\t\t\t\t<a href=\"#\" data-goto=\"previous\" aria-label=\"diapositiva anterior\" data-action=\"prev\">\n\t\t\t\t\t\t<em class=\"sow-sld-icon-thin-left\"><\/em>\n\t\t\t\t\t<\/a>\n\t\t\t\t<\/div>\n\t\t\t\t<\/div><\/div><\/div><\/div><\/div><\/div><div id=\"pg-gb3748-6a0076d309095-1\"  class=\"panel-grid panel-no-style\" ><div id=\"pgc-gb3748-6a0076d309095-1-0\"  class=\"panel-grid-cell\" ><div id=\"panel-gb3748-6a0076d309095-1-0-0\" class=\"so-panel widget widget_sow-editor panel-first-child panel-last-child\" data-index=\"1\" ><div\n\t\t\t\n\t\t\tclass=\"so-widget-sow-editor so-widget-sow-editor-base\"\n\t\t\t\n\t\t>\n<div class=\"siteorigin-widget-tinymce textwidget\">\n\t<form method=\"get\" action=\"\"><label for=\"pg_anio_cap\">A\u00f1o <\/label>\r\n        <select name=\"pg_anio_cap\" onchange=\"this.form.submit()\"><option value=\"\" selected>All years<\/option><option value=\"2026\" >2026<\/option><option value=\"2025\" >2025<\/option><option value=\"2024\" >2024<\/option><option value=\"2023\" >2023<\/option><option value=\"2022\" >2022<\/option><option value=\"2021\" >2021<\/option><option value=\"2020\" >2020<\/option><option value=\"2019\" >2019<\/option><option value=\"2018\" >2018<\/option><option value=\"2017\" >2017<\/option><option value=\"2016\" >2016<\/option><option value=\"2015\" >2015<\/option><option value=\"2014\" >2014<\/option><option value=\"2013\" >2013<\/option><option value=\"2012\" >2012<\/option><option value=\"2011\" >2011<\/option><option value=\"2010\" >2010<\/option><option value=\"2009\" >2009<\/option><option value=\"2008\" >2008<\/option><option value=\"2007\" >2007<\/option><option value=\"2006\" >2006<\/option><option value=\"2005\" >2005<\/option><option value=\"2004\" >2004<\/option><option value=\"2003\" >2003<\/option><option value=\"2002\" >2002<\/option><option value=\"2001\" >2001<\/option><option value=\"2000\" >2000<\/option><\/select><input type=\"hidden\" name=\"trp-form-language\" value=\"es\"\/><\/form><br><p class=\"contador\">Total chapters: <strong>18<\/strong><\/p><table class=\"pg-tabla\"><thead><tr><th>A\u00f1o<\/th><th>T\u00edtulo<\/th><th>T\u00edtulo de libro<\/th><th>Autores<\/th><th>ISBN<\/th><\/tr><\/thead><tbody><tr><td class=\"\"><span>2023<\/span><\/td><td class=\"\"><span>Migration of packaging and labeling components and advances in analytical methodology supporting exposure assessment<\/span><\/td><td class=\"\"><span>Present Knowledge in Food Safety A Risk-Based Approach Through the Food Chain<\/span><\/td><td class=\"\"><span>Ner\u00edn de la Puerta, Mar\u00eda Consolaci\u00f3n Cristina; Elena Canellas; Paula Vera<\/span><\/td><td class=\"col-una-linea\"><span>978-0-12-819470-6<\/span><\/td><\/tr><tr><td class=\"\"><span>2023<\/span><\/td><td class=\"\"><span>Empleo de la nanotecnolog\u00eda en el sector Agroalimentario<\/span><\/td><td class=\"\"><span>Libro blanco de las nanotecnolog\u00edas II. Estado del Arte de la I+D+I <\/span><\/td><td class=\"\"><span>P\u00e9rez Esteve, Edgar; Ner\u00edn de la Puerta, Mar\u00eda Consolaci\u00f3n Cristina; P\u00e9rez de Luque, Alejandro; Barat Baviera, Jos\u00e9 Manuel<\/span><\/td><td class=\"col-una-linea\"><span>9788411257299<\/span><\/td><\/tr><tr><td class=\"\"><span>2023<\/span><\/td><td class=\"\"><span>Advances in sample preparation of environmental solid matrices<\/span><\/td><td class=\"\"><span>Comprehensive Sampling and Sample Preparation<\/span><\/td><td class=\"\"><span>Ner\u00edn, Cristina; Salafranca, Jesus; and  Dome\u00f1o, Celia<\/span><\/td><td class=\"col-una-linea\"><span>9780123813749,<\/span><\/td><\/tr><tr><td class=\"\"><span>2020<\/span><\/td><td class=\"\"><span>Coriandrum sativum L.: Characterization, Biological and Applications<\/span><\/td><td class=\"\"><span>Nuts and Seeds in Health and Disease Prevention<\/span><\/td><td class=\"\"><span>Dome\u00f1o Recalde, Mar\u00eda Celia<\/span><\/td><td class=\"col-una-linea\"><span>978-0-12-818553-7<\/span><\/td><\/tr><tr><td class=\"\"><span>2018<\/span><\/td><td class=\"\"><span>Plasticizer Migration Into Foods<\/span><\/td><td class=\"\"><span>Reference Module in Food Science<\/span><\/td><td class=\"\"><span>Ner\u00edn de la Puerta, Mar\u00eda Consolaci\u00f3n Cristina; Canellas Aguareles, Elena Purificaci\u00f3n; Vera Estacho, Paula<\/span><\/td><td class=\"col-una-linea\"><span>9780081005965<\/span><\/td><\/tr><tr><td class=\"\"><span>2017<\/span><\/td><td class=\"\"><span>Depolymerization of lignin: product characterization and evaluation of its antioxidant potential<\/span><\/td><td class=\"\"><span>Proceedings of the 25th European Biomass Conference and Exhibition<\/span><\/td><td class=\"\"><span>S\u00e1nchez, JL; Salafranca, J; Moles, S; Palomo, JF; Mart\u00ednez, C; Gil-Lalaguna, N; Dueso, C; Gonzalo, A<\/span><\/td><td class=\"col-una-linea\"><span>978-88-89407-17-2<\/span><\/td><\/tr><tr><td class=\"\"><span>2017<\/span><\/td><td class=\"\"><span>Biomonitoring of Airbone Persisten Organic Pollutants Using Lichens<\/span><\/td><td class=\"\"><span>Biomonitoring of air pollution using mosses and lichens. A passive and active approach state of the art research and perspectives<\/span><\/td><td class=\"\"><span>Sofia Augusto, Vertika Shukla, Dalip Kumar Upreti, Luca Paoli, Amdrea Vannini, Stefano Loppi, Cristina Ner\u00edn; Celia Dome\u00f1o and Marta Schuhmacher<\/span><\/td><td class=\"col-una-linea\"><span>978-1-53610-212-3<\/span><\/td><\/tr><tr><td class=\"\"><span>2017<\/span><\/td><td class=\"\"><span>Active and Intelligent Food Packaging<\/span><\/td><td class=\"\"><span>Food safety and protection<\/span><\/td><td class=\"\"><span>Nerin, Cristina; Vera, Paula; Canellas, Elena<\/span><\/td><td class=\"col-una-linea\"><span>9781498762878<\/span><\/td><\/tr><tr><td class=\"\"><span>2016<\/span><\/td><td class=\"\"><span>The Downside of Antimicrobial Packaging: Migration of Packaging Elements into Food<\/span><\/td><td class=\"\"><span>Antimicrobial Food Packaging<\/span><\/td><td class=\"\"><span>Nerin, Cristina; Silva , Filomena; Manso, Sof\u00eda; Becerril, Raquel<\/span><\/td><td class=\"col-una-linea\"><span>978-0-12-800723-5<\/span><\/td><\/tr><tr><td class=\"\"><span>2016<\/span><\/td><td class=\"\"><span>Ethyl Lauroyl Arginate (LAE): Antimicrobial Activity and Applications in Food Systems<\/span><\/td><td class=\"\"><span>Antimicrobial Food Packaging<\/span><\/td><td class=\"\"><span>Nerin, Cristina; Becerril, Raquel; Manso, Sof\u00eda; Silva, Filomena<\/span><\/td><td class=\"col-una-linea\"><span>9780128007235<\/span><\/td><\/tr><tr><td class=\"\"><span>2016<\/span><\/td><td class=\"\"><span>Ethyl Lauroyl Arginate (LAE): Antimicrobial Activity and Applications in Food Systems<\/span><\/td><td class=\"\"><span>Antimicrobial Food Packaging<\/span><\/td><td class=\"\"><span>Ner\u00edn, Cristina; Becerril, Raquel; Manso, Sof\u00eda; Silva, Filomena<\/span><\/td><td class=\"col-una-linea\"><span>978-012800723-5<\/span><\/td><\/tr><tr><td class=\"\"><span>2016<\/span><\/td><td class=\"\"><span>The Downside of Antimicrobial Packaging: Migration of Packaging Elements into Food <\/span><\/td><td class=\"\"><span>Antimicrobial Food Packaging<\/span><\/td><td class=\"\"><span>Ner\u00edn, Cristina; Silva, Filomena; Manso, Sof\u00eda; Becerril, Raquel<\/span><\/td><td class=\"col-una-linea\"><span>978-012800723-5<\/span><\/td><\/tr><tr><td class=\"\"><span>2016<\/span><\/td><td class=\"\"><span>Plastics and Polymers for Food Packaging Manufacturing<\/span><\/td><td class=\"\"><span>Reference Module in Food Science<\/span><\/td><td class=\"\"><span>Ner\u00edn de la Puerta, Mar\u00eda Consolaci\u00f3n Cristina<\/span><\/td><td class=\"col-una-linea\"><span>9780081005965<\/span><\/td><\/tr><tr><td class=\"\"><span>2013<\/span><\/td><td class=\"\"><span>Study of barrier properties of hydrogenated amorphous carbon thin films deposited by PECVD in recycled PET for food packaging<\/span><\/td><td class=\"\"><span>Abstracts of 26th IAPRI Symposium on Packaging 2013<\/span><\/td><td class=\"\"><span>\u00c9der Oliveira; Yolanda Echegoyen; Sandra Cruz; Cristina Ner\u00edn<\/span><\/td><td class=\"col-una-linea\"><span>978-951-38-74<\/span><\/td><\/tr><tr><td class=\"\"><span>2013<\/span><\/td><td class=\"\"><span>11. Formation and Characterization of Polyaromatic Hydrocarbons<\/span><\/td><td class=\"\"><span>Cleaner Combustion. Developing Detailed Chemical Kinetic Models<\/span><\/td><td class=\"\"><span>S\u00e1nchez, Nazly E.; Callejas, Alicia; Salafranca, Jes\u00fas; Millera, \u00c1ngela; Bilbao, Rafael; Alzueta, Mar\u00eda U.<\/span><\/td><td class=\"col-una-linea\"><span>978-1-4471-5306-1<\/span><\/td><\/tr><tr><td class=\"\"><span>2012<\/span><\/td><td class=\"\"><span>3.38 Advances in sample preparation of environmental solid matrices<\/span><\/td><td class=\"\"><span>Comprehensive Sampling and Sample Preparation<\/span><\/td><td class=\"\"><span>Ner\u00edn, C.; Dome\u00f1o, C.; Salafranca, J.<\/span><\/td><td class=\"col-una-linea\"><span>9780123813732<\/span><\/td><\/tr><tr><td class=\"\"><span>2012<\/span><\/td><td class=\"\"><span>Advances in Sample Preparation of Environmental Solid Matrices<\/span><\/td><td class=\"\"><span>Comprehensive Sampling and Sample Preparation<\/span><\/td><td class=\"\"><span>Ner\u00edn, Cristina; Domeno, Celia; Salafranca, Jesus.<\/span><\/td><td class=\"col-una-linea\"><span>9780123813732<\/span><\/td><\/tr><tr><td class=\"\"><span>2002<\/span><\/td><td class=\"\"><span>Packaging: General. &quot;Selection of solid food simulants for migration tests from paper and board&quot;<\/span><\/td><td class=\"\"><span>Improving the quality of life through packaging innovation<\/span><\/td><td class=\"\"><span>Ner\u00edn, Cristina; ASENSIO, ESTHER<\/span><\/td><td class=\"col-una-linea\"><span>11587161540<\/span><\/td><\/tr><\/tbody><\/table>\n<\/div>\n<\/div><\/div><\/div><\/div><\/div>","protected":false},"excerpt":{"rendered":"","protected":false},"author":1,"featured_media":0,"parent":0,"menu_order":0,"comment_status":"closed","ping_status":"closed","template":"","meta":{"footnotes":""},"class_list":["post-3748","page","type-page","status-publish"],"_links":{"self":[{"href":"https:\/\/guia.i3a.es\/es\/wp-json\/wp\/v2\/pages\/3748","targetHints":{"allow":["GET"]}}],"collection":[{"href":"https:\/\/guia.i3a.es\/es\/wp-json\/wp\/v2\/pages"}],"about":[{"href":"https:\/\/guia.i3a.es\/es\/wp-json\/wp\/v2\/types\/page"}],"author":[{"embeddable":true,"href":"https:\/\/guia.i3a.es\/es\/wp-json\/wp\/v2\/users\/1"}],"replies":[{"embeddable":true,"href":"https:\/\/guia.i3a.es\/es\/wp-json\/wp\/v2\/comments?post=3748"}],"version-history":[{"count":2,"href":"https:\/\/guia.i3a.es\/es\/wp-json\/wp\/v2\/pages\/3748\/revisions"}],"predecessor-version":[{"id":3933,"href":"https:\/\/guia.i3a.es\/es\/wp-json\/wp\/v2\/pages\/3748\/revisions\/3933"}],"wp:attachment":[{"href":"https:\/\/guia.i3a.es\/es\/wp-json\/wp\/v2\/media?parent=3748"}],"curies":[{"name":"wp","href":"https:\/\/api.w.org\/{rel}","templated":true}]}}