{"id":3765,"date":"2025-10-16T09:37:59","date_gmt":"2025-10-16T07:37:59","guid":{"rendered":"https:\/\/wppruebas.i3a.es\/?page_id=3765"},"modified":"2026-02-04T14:20:04","modified_gmt":"2026-02-04T12:20:04","slug":"books","status":"publish","type":"page","link":"https:\/\/guia.i3a.es\/es\/books\/","title":{"rendered":"Libros"},"content":{"rendered":"<div id=\"pl-gb3765-6a006ca53ef8e\"  class=\"panel-layout\" ><div id=\"pg-gb3765-6a006ca53ef8e-0\"  class=\"panel-grid panel-has-style\" ><div class=\"siteorigin-panels-stretch panel-row-style panel-row-style-for-gb3765-6a006ca53ef8e-0\" data-stretch-type=\"full-width-stretch\" ><div id=\"pgc-gb3765-6a006ca53ef8e-0-0\"  class=\"panel-grid-cell\" ><div id=\"panel-gb3765-6a006ca53ef8e-0-0-0\" class=\"so-panel widget widget_sow-hero panel-first-child panel-last-child\" data-index=\"0\" ><div\n\t\t\t\n\t\t\tclass=\"so-widget-sow-hero so-widget-sow-hero-default-7a011a7c0fd5-3765 so-widget-fittext-wrapper\"\n\t\t\t data-fit-text-compressor=\"0.85\"\n\t\t>\t\t\t\t<div class=\"sow-slider-base\" style=\"display: none\" tabindex=\"0\">\n\t\t\t\t\t<ul\n\t\t\t\t\tclass=\"sow-slider-images\"\n\t\t\t\t\tdata-settings=\"{&quot;pagination&quot;:true,&quot;speed&quot;:400,&quot;timeout&quot;:8000,&quot;paused&quot;:false,&quot;pause_on_hover&quot;:false,&quot;swipe&quot;:true,&quot;nav_always_show_desktop&quot;:&quot;&quot;,&quot;nav_always_show_mobile&quot;:&quot;&quot;,&quot;breakpoint&quot;:&quot;780px&quot;,&quot;unmute&quot;:false,&quot;anchor&quot;:null}\"\n\t\t\t\t\t\t\t\t\t\tdata-anchor-id=\"\"\n\t\t\t\t>\t\t<li class=\"sow-slider-image  sow-slider-image-cover\" style=\"visibility: visible;;background-color: #1e73be;background-image: url(https:\/\/guia.i3a.es\/wp-content\/uploads\/2020\/08\/books_2-1.jpg)\" >\n\t\t\t\t\t<div class=\"sow-slider-image-container\">\n\t\t\t<div class=\"sow-slider-image-wrapper\">\n\t\t\t\t<h1 style=\"text-align: center\"><strong>Libros<\/strong><\/h1>\t\t\t<\/div>\n\t\t<\/div>\n\t\t\t\t<\/li>\n\t\t<\/ul>\t\t\t\t<ol class=\"sow-slider-pagination\">\n\t\t\t\t\t\t\t\t\t\t\t<li><a href=\"#\" data-goto=\"0\" aria-label=\"mostrar diapositiva 1\"><\/a><\/li>\n\t\t\t\t\t\t\t\t\t<\/ol>\n\n\t\t\t\t<div class=\"sow-slide-nav sow-slide-nav-next\">\n\t\t\t\t\t<a href=\"#\" data-goto=\"next\" aria-label=\"diapositiva siguiente\" data-action=\"next\">\n\t\t\t\t\t\t<em class=\"sow-sld-icon-thin-right\"><\/em>\n\t\t\t\t\t<\/a>\n\t\t\t\t<\/div>\n\n\t\t\t\t<div class=\"sow-slide-nav sow-slide-nav-prev\">\n\t\t\t\t\t<a href=\"#\" data-goto=\"previous\" aria-label=\"diapositiva anterior\" data-action=\"prev\">\n\t\t\t\t\t\t<em class=\"sow-sld-icon-thin-left\"><\/em>\n\t\t\t\t\t<\/a>\n\t\t\t\t<\/div>\n\t\t\t\t<\/div><\/div><\/div><\/div><\/div><\/div><div id=\"pg-gb3765-6a006ca53ef8e-1\"  class=\"panel-grid panel-no-style\" ><div id=\"pgc-gb3765-6a006ca53ef8e-1-0\"  class=\"panel-grid-cell\" ><div id=\"panel-gb3765-6a006ca53ef8e-1-0-0\" class=\"so-panel widget widget_sow-editor panel-first-child panel-last-child\" data-index=\"1\" ><div\n\t\t\t\n\t\t\tclass=\"so-widget-sow-editor so-widget-sow-editor-base\"\n\t\t\t\n\t\t>\n<div class=\"siteorigin-widget-tinymce textwidget\">\n\t<h3>Libros<\/h3><form method=\"get\" action=\"\"><label for=\"pg_anio_lib\">A\u00f1o <\/label>\r\n        <select name=\"pg_anio_lib\" onchange=\"this.form.submit()\"><option value=\"\" selected>All years<\/option><option value=\"2026\" >2026<\/option><option value=\"2025\" >2025<\/option><option value=\"2024\" >2024<\/option><option value=\"2023\" >2023<\/option><option value=\"2022\" >2022<\/option><option value=\"2021\" >2021<\/option><option value=\"2020\" >2020<\/option><option value=\"2019\" >2019<\/option><option value=\"2018\" >2018<\/option><option value=\"2017\" >2017<\/option><option value=\"2016\" >2016<\/option><option value=\"2015\" >2015<\/option><option value=\"2014\" >2014<\/option><option value=\"2013\" >2013<\/option><option value=\"2012\" >2012<\/option><option value=\"2011\" >2011<\/option><option value=\"2010\" >2010<\/option><option value=\"2009\" >2009<\/option><option value=\"2008\" >2008<\/option><option value=\"2007\" >2007<\/option><option value=\"2006\" >2006<\/option><option value=\"2005\" >2005<\/option><option value=\"2004\" >2004<\/option><option value=\"2003\" >2003<\/option><option value=\"2002\" >2002<\/option><option value=\"2001\" >2001<\/option><option value=\"2000\" >2000<\/option><\/select><input type=\"hidden\" name=\"trp-form-language\" value=\"es\"\/><\/form><br><p class=\"contador\">Total books: <strong>8<\/strong><\/p><table class=\"pg-tabla\"><thead><tr><th>A\u00f1o<\/th><th>T\u00edtulo<\/th><th>Autores<\/th><th>ISBN<\/th><\/tr><\/thead><tbody><tr><td class=\"\"><span>2012<\/span><\/td><td class=\"\"><span>Determinaci\u00f3n de nitratos en acelgas consumidas en Huesca. Aplicaci\u00f3n de una metodolog\u00eda de control y evaluaci\u00f3n del riesgo sanitario<\/span><\/td><td class=\"\"><span>Menal Puey, Susana<\/span><\/td><td class=\"col-una-linea\"><span>978-3-659-015<\/span><\/td><\/tr><tr><td class=\"\"><span>2012<\/span><\/td><td class=\"\"><span>Determinaci\u00f3n de nitratos en acelgas consumidas en Huesca. Aplicaci\u00f3n de una metodolog\u00eda de control y evaluaci\u00f3n del riesgo sanitario<\/span><\/td><td class=\"\"><span>Elma Royo Rodr\u00edguez; Esther Asensio Casas; Susana Menal Puey<\/span><\/td><td class=\"col-una-linea\"><span>9783659015533<\/span><\/td><\/tr><tr><td class=\"\"><span>2012<\/span><\/td><td class=\"\"><span>Estudio anal\u00edtico de materiales reciclados para envase alimentario. An\u00e1lisis y criterios de utilizaci\u00f3n del polietilentereftalato (PET) y del papel y cart\u00f3n reciclados<\/span><\/td><td class=\"\"><span><\/span><\/td><td class=\"col-una-linea\"><span>9783659029578<\/span><\/td><\/tr><tr><td class=\"\"><span>2009<\/span><\/td><td class=\"\"><span>Interacciones especiales envase alimento: alta temperatura y envase activo antimicrobiano<\/span><\/td><td class=\"\"><span>Patricia L\u00f3pez S\u00e1nchez ; [directores de la tesis, Cristina Ner\u00edn de la Puerta, Ram\u00f3n Batlle Almor\u00edn]<\/span><\/td><td class=\"col-una-linea\"><span>9788469186077<\/span><\/td><\/tr><tr><td class=\"\"><span>2007<\/span><\/td><td class=\"\"><span>Problemas de qu\u00edmica an\u00e1litica: plan de estudios de Ingeniero Qu\u00edmico curso 2006\/2007<\/span><\/td><td class=\"\"><span>Cristina Ner\u00edn de la Puerta, Carlos E. Rubio Navarro.<\/span><\/td><td class=\"col-una-linea\"><span>8495475006<\/span><\/td><\/tr><tr><td class=\"\"><span>2006<\/span><\/td><td class=\"\"><span>Problemas de qu\u00edmica an\u00e1litica: plan de estudios de Ingeniero Qu\u00edmico curso 2005\/2006<\/span><\/td><td class=\"\"><span>Cristina Ner\u00edn de la Puerta, Carlos E. Rubio Navarro.<\/span><\/td><td class=\"col-una-linea\"><span>8495475006<\/span><\/td><\/tr><tr><td class=\"\"><span>2005<\/span><\/td><td class=\"\"><span>Problemas de qu\u00edmica an\u00e1litica: plan de estudios de Ingeniero Qu\u00edmico curso 2004\/2005<\/span><\/td><td class=\"\"><span>Cristina Ner\u00edn de la Puerta, Carlos E. Rubio Navarro.<\/span><\/td><td class=\"col-una-linea\"><span>8495475006<\/span><\/td><\/tr><tr><td class=\"\"><span>2003<\/span><\/td><td class=\"\"><span>Problemas de qu\u00edmica an\u00e1litica: plan de estudios de Ingeniero Qu\u00edmico curso 2003\/2004<\/span><\/td><td class=\"\"><span>Cristina Ner\u00edn de la Puerta, Carlos E. Rubio Navarro.<\/span><\/td><td class=\"col-una-linea\"><span>8495475006<\/span><\/td><\/tr><\/tbody><\/table>\n<\/div>\n<\/div><\/div><\/div><\/div><\/div>","protected":false},"excerpt":{"rendered":"","protected":false},"author":1,"featured_media":0,"parent":0,"menu_order":0,"comment_status":"closed","ping_status":"closed","template":"","meta":{"footnotes":""},"class_list":["post-3765","page","type-page","status-publish"],"_links":{"self":[{"href":"https:\/\/guia.i3a.es\/es\/wp-json\/wp\/v2\/pages\/3765","targetHints":{"allow":["GET"]}}],"collection":[{"href":"https:\/\/guia.i3a.es\/es\/wp-json\/wp\/v2\/pages"}],"about":[{"href":"https:\/\/guia.i3a.es\/es\/wp-json\/wp\/v2\/types\/page"}],"author":[{"embeddable":true,"href":"https:\/\/guia.i3a.es\/es\/wp-json\/wp\/v2\/users\/1"}],"replies":[{"embeddable":true,"href":"https:\/\/guia.i3a.es\/es\/wp-json\/wp\/v2\/comments?post=3765"}],"version-history":[{"count":3,"href":"https:\/\/guia.i3a.es\/es\/wp-json\/wp\/v2\/pages\/3765\/revisions"}],"predecessor-version":[{"id":3934,"href":"https:\/\/guia.i3a.es\/es\/wp-json\/wp\/v2\/pages\/3765\/revisions\/3934"}],"wp:attachment":[{"href":"https:\/\/guia.i3a.es\/es\/wp-json\/wp\/v2\/media?parent=3765"}],"curies":[{"name":"wp","href":"https:\/\/api.w.org\/{rel}","templated":true}]}}